{"id":5555,"date":"2017-03-13T14:55:19","date_gmt":"2017-03-13T14:55:19","guid":{"rendered":"https:\/\/argenta.clbthemes.com\/demo_02\/?page_id=5555"},"modified":"2017-03-13T14:55:19","modified_gmt":"2017-03-13T14:55:19","slug":"contact","status":"publish","type":"page","link":"https:\/\/argentashop.cattanweb.ro\/ro\/contact\/","title":{"rendered":"CONTACT"},"content":{"rendered":"<div class=\"wpb-content-wrapper\"><div class=\"vc_row wpb_row vc_row-fluid\"><div class=\"wpb_column vc_column_container vc_col-sm-12\"><div class=\"vc_column-inner\"><div class=\"wpb_wrapper\"><div class=\"vc_empty_space\"   style=\"height: 90px\"><span class=\"vc_empty_space_inner\"><\/span><\/div><\/div><\/div><\/div><\/div><div class=\"vc_row wpb_row vc_row-fluid\"><div class=\"wpb_column vc_column_container vc_col-sm-12\"><div class=\"vc_column-inner vc_custom_1489417349177\"><div class=\"wpb_wrapper\"><div class=\"google-maps\" id=\"argenta-custom-69e37dfb9ac78\" data-google-map=\"true\" data-google-map-zoom=\"14\"\n\tdata-google-map-zoom-enable=\"1\" data-google-map-marker=\"https:\/\/argentashop.cattanweb.ro\/wp-content\/uploads\/2017\/03\/arg_pin.png\" data-google-map-style=\"default\">\n\t<div class=\"google-maps-wrap\"><\/div>\n\t<div class=\"hidden\" data-google-map-markers=\"true\">40.6951064,-73.9228496<\/div>\n<\/div>\n\n<div class=\"vc_empty_space\"   style=\"height: 60px\"><span class=\"vc_empty_space_inner\"><\/span><\/div><\/div><\/div><\/div><\/div><div class=\"vc_row wpb_row vc_row-fluid\"><div class=\"wpb_column vc_column_container vc_col-sm-6\"><div class=\"vc_column-inner\"><div class=\"wpb_wrapper\"><div id=\"argenta-custom-69e37dfb9b48b\"  class=\"heading-wrapper text-left\"  >\n\t\n\t<h3 class=\"second-title text-left\">Contacteaz\u0103-ne<\/h3>\n\n\t\n\t\n\t\t\t<p class=\"subtitle\"><\/p>\n\t<\/div>\t\n\n<div class=\"vc_empty_space\"   style=\"height: 10px\"><span class=\"vc_empty_space_inner\"><\/span><\/div><div id=\"argenta-custom-69e37dfb9b70d\"  >\n\t<p>Duis aute irure dolor in reprehenderit in voluptate velit esse cillum dolore eu fugiat nulla pariatur. Excepteur sint occaecat cupidatat non proident, sunt in culpa qui officia deserunt mollit anim id est laborum. Sed ut perspiciatis unde omnis iste natus.<\/p>\n<\/div>\n\n<div class=\"vc_empty_space\"   style=\"height: 10px\"><span class=\"vc_empty_space_inner\"><\/span><\/div><div class=\"contact-form text-left flat\" data-button-classes=\" btn-outline\" id=\"argenta-custom-69e37dfb9b8ed\"  >\n\n\t\n<div class=\"wpcf7 no-js\" id=\"wpcf7-f5321-o1\" lang=\"en-US\" dir=\"ltr\" data-wpcf7-id=\"5321\">\n<div class=\"screen-reader-response\"><p role=\"status\" aria-live=\"polite\" aria-atomic=\"true\"><\/p> <ul><\/ul><\/div>\n<form action=\"\/ro\/wp-json\/wp\/v2\/pages\/5555#wpcf7-f5321-o1\" method=\"post\" class=\"wpcf7-form init\" aria-label=\"Contact form\" novalidate=\"novalidate\" data-status=\"init\" data-trp-original-action=\"\/ro\/wp-json\/wp\/v2\/pages\/5555#wpcf7-f5321-o1\">\n<fieldset class=\"hidden-fields-container\"><input type=\"hidden\" name=\"_wpcf7\" value=\"5321\" \/><input type=\"hidden\" name=\"_wpcf7_version\" value=\"6.1.5\" \/><input type=\"hidden\" name=\"_wpcf7_locale\" value=\"en_US\" \/><input type=\"hidden\" name=\"_wpcf7_unit_tag\" value=\"wpcf7-f5321-o1\" \/><input type=\"hidden\" name=\"_wpcf7_container_post\" value=\"0\" \/><input type=\"hidden\" name=\"_wpcf7_posted_data_hash\" value=\"\" \/>\n<\/fieldset>\n<div class=\"input-group\">\n\t<p><label class=\"col-6\"> <span class=\"wpcf7-form-control-wrap\" data-name=\"your-name\"><input size=\"40\" maxlength=\"400\" class=\"wpcf7-form-control wpcf7-text wpcf7-validates-as-required\" aria-required=\"true\" aria-invalid=\"false\" placeholder=\"Numele complet\" value=\"\" type=\"text\" name=\"your-name\" \/><\/span> <\/label><label class=\"col-6\"> <span class=\"wpcf7-form-control-wrap\" data-name=\"your-email\"><input size=\"40\" maxlength=\"400\" class=\"wpcf7-form-control wpcf7-email wpcf7-validates-as-required wpcf7-text wpcf7-validates-as-email\" aria-required=\"true\" aria-invalid=\"false\" placeholder=\"Adresa de email*\" value=\"\" type=\"email\" name=\"your-email\" \/><\/span> <\/label>\n\t<\/p>\n<\/div>\n<p><label> <span class=\"wpcf7-form-control-wrap\" data-name=\"your-message\"><textarea cols=\"40\" rows=\"10\" maxlength=\"2000\" class=\"wpcf7-form-control wpcf7-textarea\" aria-invalid=\"false\" placeholder=\"Mesaj\" name=\"your-message\"><\/textarea><\/span> <\/label><br \/>\n<button class=\"btn\"><span class=\"btn-load\"><\/span>Trimite mesaj<\/button>\n<\/p><div class=\"wpcf7-response-output\" aria-hidden=\"true\"><\/div>\n<input type=\"hidden\" name=\"trp-form-language\" value=\"ro\"\/><\/form>\n<\/div>\n\n<\/div>\n\n<\/div><\/div><\/div><div class=\"wpb_column vc_column_container vc_col-sm-6\"><div class=\"vc_column-inner\"><div class=\"wpb_wrapper\"><div id=\"argenta-custom-69e37dfb9e56d\"  class=\"heading-wrapper text-left\"  >\n\t\n\t<h3 class=\"second-title text-left\">Birourile noastre<\/h3>\n\n\t\n\t\n\t\t\t<p class=\"subtitle\"><\/p>\n\t<\/div>\t\n\n<div class=\"vc_empty_space\"   style=\"height: 10px\"><span class=\"vc_empty_space_inner\"><\/span><\/div><div id=\"argenta-custom-69e37dfb9e7de\"  >\n\t<p>Duis aute irure dolor in reprehenderit in voluptate velit esse cillum dolore eu fugiat nulla pariatur. Excepteur sint occaecat cupidatat non proident, sunt in culpa qui officia deserunt mollit anim id est laborum. Sed ut perspiciatis unde omnis iste natus.<\/p>\n<\/div>\n\n<div class=\"vc_empty_space\"   style=\"height: 10px\"><span class=\"vc_empty_space_inner\"><\/span><\/div>\t<ul class=\"list-box-icon contact-module\">\n\t\n\t\t<li id=\"argenta-custom-69e37dfb9eaaf\">\n\n\t<span class=\"icon my-icon-loc-point\"><\/span>\n\t\t<h4 class=\"title\">Statele Unite<\/h4>\n\t\t<address>1195 Bushwick Ave, Brooklyn, NY 11221<\/address>\t\n\n<\/li>\n\n<li id=\"argenta-custom-69e37dfb9eb5e\">\n\n\t<span class=\"icon my-icon-loc-point\"><\/span>\n\t\t<h4 class=\"title\">Suedia<\/h4>\n\t\t<address>S\u00f6dra F\u00f6rstadsgatan 36, 211 43 Malm\u00f6<\/address>\t\n\n<\/li>\n\n\n\t<\/ul><div class=\"vc_empty_space\"   style=\"height: 3px\"><span class=\"vc_empty_space_inner\"><\/span><\/div><div class=\"socialbar social-column-5\"  >\n\n\t\t<a href=\"#\" target=\"_blank\" class=\"social facebook custom-link default\">\n\t\t<span class=\"social-icon ion-social-facebook\"><\/span>\n\t\t\t<\/a>\n\t\n\t\t<a href=\"#\" target=\"_blank\" class=\"social twitter custom-link default\">\n\t\t<span class=\"social-icon ion-social-twitter\"><\/span>\n\t\t\t<\/a>\n\t\n\t\n\t\t<a href=\"#\" class=\"social instagram custom-link default\">\n\t\t<span class=\"social-icon ion-social-instagram-outline\"><\/span>\n\t\t\t<\/a>\n\t\n\t\t<a href=\"#\" class=\"social dribbble custom-link default\">\n\t\t<span class=\"social-icon ion-social-dribbble-outline\"><\/span>\n\t\t\t<\/a>\n\t\n\t\n\t\t<a href=\"#\" target=\"_blank\" class=\"social pinterest custom-link default\">\n\t\t<span class=\"social-icon ion-social-pinterest-outline\"><\/span>\n\t\t\t<\/a>\n\t\n\t\n<\/div>\n\n<\/div><\/div><\/div><\/div><div class=\"vc_row wpb_row vc_row-fluid\"><div class=\"wpb_column vc_column_container vc_col-sm-12\"><div class=\"vc_column-inner\"><div class=\"wpb_wrapper\"><div class=\"vc_empty_space\"   style=\"height: 90px\"><span class=\"vc_empty_space_inner\"><\/span><\/div><\/div><\/div><\/div><\/div>\n<\/div>","protected":false},"excerpt":{"rendered":"40.6951064,-73.9228496 Contact Us Duis aute irure dolor in reprehenderit in voluptate velit esse cillum dolore eu fugiat nulla pariatur. Excepteur sint occaecat cupidatat non proident, sunt in culpa qui officia deserunt mollit anim id est laborum. Sed ut perspiciatis unde omnis iste natus. Send Message Our Offices Duis aute irure dolor in reprehenderit in voluptate [...]","protected":false},"author":1,"featured_media":0,"parent":0,"menu_order":0,"comment_status":"closed","ping_status":"closed","template":"page-templates\/page_without-sidebar.php","meta":{"_acf_changed":false,"footnotes":""},"class_list":["post-5555","page","type-page","status-publish","hentry"],"acf":[],"_links":{"self":[{"href":"https:\/\/argentashop.cattanweb.ro\/ro\/wp-json\/wp\/v2\/pages\/5555","targetHints":{"allow":["GET"]}}],"collection":[{"href":"https:\/\/argentashop.cattanweb.ro\/ro\/wp-json\/wp\/v2\/pages"}],"about":[{"href":"https:\/\/argentashop.cattanweb.ro\/ro\/wp-json\/wp\/v2\/types\/page"}],"author":[{"embeddable":true,"href":"https:\/\/argentashop.cattanweb.ro\/ro\/wp-json\/wp\/v2\/users\/1"}],"replies":[{"embeddable":true,"href":"https:\/\/argentashop.cattanweb.ro\/ro\/wp-json\/wp\/v2\/comments?post=5555"}],"version-history":[{"count":0,"href":"https:\/\/argentashop.cattanweb.ro\/ro\/wp-json\/wp\/v2\/pages\/5555\/revisions"}],"wp:attachment":[{"href":"https:\/\/argentashop.cattanweb.ro\/ro\/wp-json\/wp\/v2\/media?parent=5555"}],"curies":[{"name":"wp","href":"https:\/\/api.w.org\/{rel}","templated":true}]}}